{"id":6725,"date":"2025-10-05T00:39:15","date_gmt":"2025-10-04T22:39:15","guid":{"rendered":"https:\/\/www.lauradauzonne.com\/aviso-legal\/"},"modified":"2025-10-05T00:39:15","modified_gmt":"2025-10-04T22:39:15","slug":"aviso-legal","status":"publish","type":"page","link":"https:\/\/www.lauradauzonne.com\/es\/aviso-legal\/","title":{"rendered":"Aviso legal"},"content":{"rendered":"<p>&nbsp;<\/p>\n<h4>INFORMACI\u00d3N EDITORIAL<\/h4>\n<p><strong>Sitio<\/strong>: <a title=\"Laura Dauzonne - www.lauradauzonne.com\" href=\"https:\/\/www.lauradauzonne.com\/es\/\">www.lauradauzonne.com<\/a><br \/>\n<strong>Propietaria<\/strong>: Laura Dauzonne<\/p>\n<p><strong>SIRET<\/strong>: &#8230;.<br \/>\n<strong>Direcci\u00f3n<\/strong>: &#8230;..<br \/>\n<strong>Tel\u00e9fono<\/strong>: &#8230;..<\/p>\n<p><strong>Responsable de publicaci\u00f3n<\/strong>: Laura Dauzonne \u2013 contact@lauradauzonne.com<\/p>\n<p><strong>Dise\u00f1o<\/strong>: <a href=\"http:\/\/www.creation-site-web-paris.com\/\">Antoine Rousseau<\/a> <\/p>\n<h4>CONTACTAR CON NOSOTROS<\/h4>\n<p>Laura Dauzonne le ofrece la posibilidad de comunicarse con sus servicios, respetando el marco de referencia Marianne. Esta carta interministerial tiene como objetivo garantizar la calidad de la atenci\u00f3n y promueve valores como la cortes\u00eda, la accesibilidad, la rapidez, la claridad de las respuestas, as\u00ed como un esp\u00edritu de escucha, rigor y transparencia. <\/p>\n<h5>Para ayudarle en sus intercambios y encontrar el interlocutor adecuado:<\/h5>\n<ul>\n<li>preguntas generales, solicitudes de informaci\u00f3n o informaci\u00f3n complementaria: Laura Dauzonne \u2013 contact@lauradauzonne.com<\/li>\n<\/ul>\n<h4>PROVEEDOR DE ALOJAMIENTO<\/h4>\n<p>La pol\u00edtica del sitio <a title=\"Laura Dauzonne - www.lauradauzonne.com\" href=\"https:\/\/www.lauradauzonne.com\/es\/\">www.lauradauzonne.com<\/a> cumple con la ley n.\u00ba 2004-575 de 21 de junio de 2004 para la confianza en la econom\u00eda digital.<\/p>\n<h5>Alojamiento del sitio:<\/h5>\n<p>OVH \u2013 2 rue Kellermann \u2013 59100 ROUBAIX \u2013 Francia<\/p>\n<h4>CONDICIONES GENERALES DE USO DEL SITIO Y DE LOS SERVICIOS OFRECIDOS<\/h4>\n<p>El uso del sitio <a title=\"Laura Dauzonne - www.lauradauzonne.com\" href=\"https:\/\/www.lauradauzonne.com\/es\/\">www.lauradauzonne.com<\/a> implica la aceptaci\u00f3n plena y completa de las condiciones generales de uso descritas a continuaci\u00f3n. Estas condiciones de uso pueden ser modificadas o completadas en cualquier momento, por lo que se invita a los usuarios del sitio <a title=\"Laura Dauzonne - www.lauradauzonne.com\" href=\"https:\/\/www.lauradauzonne.com\/es\/\">www.lauradauzonne.com<\/a> a consultarlas de manera regular. <\/p>\n<p>Este sitio est\u00e1 normalmente accesible en todo momento para los usuarios. No obstante, Laura Dauzonne puede decidir una interrupci\u00f3n por motivos de mantenimiento t\u00e9cnico, en cuyo caso se esforzar\u00e1 por comunicar previamente a los usuarios las fechas y horas de la intervenci\u00f3n. <\/p>\n<p>El sitio <a title=\"Laura Dauzonne - www.lauradauzonne.com\" href=\"https:\/\/www.lauradauzonne.com\/es\/\">www.lauradauzonne.com<\/a> se actualiza regularmente por Laura Dauzonne. Del mismo modo, el aviso legal puede modificarse en cualquier momento: no obstante, se impone al usuario, quien est\u00e1 invitado a consultarlo con la mayor frecuencia posible para tomar conocimiento del mismo. <\/p>\n<h4>LIMITACIONES DE RESPONSABILIDAD<\/h4>\n<p>Laura Dauzonne no podr\u00e1 ser considerada responsable de los da\u00f1os directos e indirectos causados al equipo del usuario durante el acceso al sitio <a title=\"Laura Dauzonne - www.lauradauzonne.com\" href=\"https:\/\/www.lauradauzonne.com\/es\/\">www.lauradauzonne.com<\/a>, y que resulten del uso de un equipo no adaptado o defectuoso, o de la aparici\u00f3n de un error o una incompatibilidad.<\/p>\n<p>Laura Dauzonne tampoco podr\u00e1 ser considerada responsable de los da\u00f1os indirectos (como por ejemplo una p\u00e9rdida de mercado o p\u00e9rdida de una oportunidad) consecutivos al uso del sitio <a title=\"Laura Dauzonne - www.lauradauzonne.com\" href=\"https:\/\/www.lauradauzonne.com\/es\/\">www.lauradauzonne.com<\/a>.<\/p>\n<p>Los espacios interactivos (posibilidad de hacer preguntas en el espacio de contacto) est\u00e1n a disposici\u00f3n de los usuarios. Laura Dauzonne se reserva el derecho de eliminar, sin requerimiento previo, cualquier contenido depositado en este espacio que contravenga la legislaci\u00f3n aplicable en Francia, en particular las disposiciones relativas a la protecci\u00f3n de datos. En su caso, Laura Dauzonne se reserva tambi\u00e9n la posibilidad de exigir la responsabilidad civil y\/o penal del usuario, especialmente en caso de mensaje de car\u00e1cter racista, injurioso, difamatorio o pornogr\u00e1fico, cualquiera que sea el soporte utilizado (texto, fotograf\u00eda&#8230;).  <\/p>\n<h4>PROTECCI\u00d3N Y TRATAMIENTO DE DATOS DE CAR\u00c1CTER PERSONAL<\/h4>\n<p>El equipo del sitio <a title=\"Laura Dauzonne - www.lauradauzonne.com\" href=\"https:\/\/www.lauradauzonne.com\/es\/\">www.lauradauzonne.com<\/a> presta especial atenci\u00f3n al respeto de las obligaciones legales de todo editor de sitio web y sigue las recomendaciones de la comisi\u00f3n nacional de inform\u00e1tica y libertades (CNIL).<\/p>\n<h5>Respeto de las leyes vigentes<\/h5>\n<p>El sitio <a title=\"Laura Dauzonne - www.lauradauzonne.com\" href=\"https:\/\/www.lauradauzonne.com\/es\/\">www.lauradauzonne.com<\/a> respeta la vida privada del internauta y se ajusta estrictamente a las leyes vigentes sobre la protecci\u00f3n de la vida privada y las libertades individuales. No se recopila ninguna informaci\u00f3n personal sin su conocimiento. No se cede ninguna informaci\u00f3n personal a terceros. Los correos electr\u00f3nicos, las direcciones electr\u00f3nicas u otra informaci\u00f3n nominativa de la que este sitio es destinatario no son objeto de ninguna explotaci\u00f3n y solo se conservan durante el tiempo necesario para su tratamiento.   <\/p>\n<h5>Declaraci\u00f3n CNIL<\/h5>\n<p>El sitio <a title=\"Laura Dauzonne - www.lauradauzonne.com\" href=\"https:\/\/www.lauradauzonne.com\/es\/\">www.lauradauzonne.com<\/a> no gestiona datos personales y por tanto no ha sido objeto de una declaraci\u00f3n ante la CNIL.<\/p>\n<h5>Datos estad\u00edsticos: trazabilidad y perfilado<\/h5>\n<p>Durante su navegaci\u00f3n por el sitio, los internautas dejan rastros inform\u00e1ticos. Este conjunto de informaci\u00f3n se recopila mediante un testigo de conexi\u00f3n llamado cookie que, sin embargo, no contiene ninguna informaci\u00f3n personal. <\/p>\n<p>Con el fin de mejorar la ergonom\u00eda, la navegaci\u00f3n dentro del sitio, el contenido editorial y el servicio a los internautas, la herramienta gestora de estad\u00edsticas del sitio <a title=\"Laura Dauzonne - www.lauradauzonne.com\" href=\"https:\/\/www.lauradauzonne.com\/es\/\">www.lauradauzonne.com<\/a> almacena informaci\u00f3n relativa al perfil de los internautas: equipamiento, navegador utilizado, origen geogr\u00e1fico de las consultas, fecha y hora de la conexi\u00f3n, navegaci\u00f3n por el sitio, frecuencia de las visitas, etc. Estos datos de conexi\u00f3n permiten extracciones estad\u00edsticas y se conservan durante un a\u00f1o. <\/p>\n<p>Todo internauta tiene la posibilidad de rechazar el registro de estos datos modificando la configuraci\u00f3n del navegador de su ordenador que autoriza o no el registro de cookies. Es posible rechazarlas o eliminarlas sin que esto tenga influencia alguna en su acceso a las p\u00e1ginas del sitio. Para oponerse al registro de cookies o ser avisado antes de aceptar las cookies, le recomendamos la lectura de la secci\u00f3n de ayuda de su navegador que le indicar\u00e1 el procedimiento a seguir.  <\/p>\n<h4>DERECHOS DE AUTOR Y DERECHOS DE REPRODUCCI\u00d3N DEL CONTENIDO PUBLICADO EN L\u00cdNEA<\/h4>\n<h5>Derechos de reproducci\u00f3n de documentos p\u00fablicos u oficiales<\/h5>\n<p>Desde la publicaci\u00f3n de la ordenanza n.\u00ba 2005-650 de 6 de junio de 2005 relativa a la libertad de acceso a los documentos administrativos y a la reutilizaci\u00f3n de las informaciones p\u00fablicas, esta informaci\u00f3n puede reutilizarse para fines distintos de aquellos para los que fue producida, y particularmente la informaci\u00f3n objeto de una difusi\u00f3n p\u00fablica. Estos documentos previstos para una difusi\u00f3n p\u00fablica no est\u00e1n cubiertos por ning\u00fan derecho de autor y por tanto pueden reproducirse libremente. El dise\u00f1o gr\u00e1fico, la iconograf\u00eda as\u00ed como el contenido editorial siguen siendo propiedad del Estado, y, como tal, son objeto de las protecciones previstas por el C\u00f3digo de la propiedad intelectual.  <\/p>\n<p>El art\u00edculo L.122-5 del c\u00f3digo de la propiedad intelectual establece el principio seg\u00fan el cual, \u00abcuando la obra ha sido divulgada, el autor no puede prohibir la difusi\u00f3n, incluso \u00edntegra, por v\u00eda de prensa o de teledifusi\u00f3n, a t\u00edtulo de informaci\u00f3n de actualidad, de los discursos destinados al p\u00fablico pronunciados en las asambleas pol\u00edticas, (&#8230;), as\u00ed como en las reuniones p\u00fablicas de orden pol\u00edtico y las ceremonias oficiales\u00bb.<br \/>\nEste es el caso especialmente para los discursos e intervenciones p\u00fablicas que se asemejan a una excepci\u00f3n al derecho de autor. Del mismo modo, los documentos p\u00fablicos u oficiales como los comunicados oficiales no est\u00e1n cubiertos por ning\u00fan derecho de autor, y pueden en consecuencia reproducirse libremente.<br \/>\nSi la reproducci\u00f3n de estos contenidos de forma parcial o \u00edntegra est\u00e1 autorizada, debe ir obligatoriamente acompa\u00f1ada de la menci\u00f3n del nombre del autor, de la fuente, y eventualmente de un enlace que remita al documento original en l\u00ednea en el sitio. La menci\u00f3n \u00ab\u00a9 Laura Dauzonne \u2013 www.lauradauzonne.com\u00bb deber\u00e1 por tanto indicarse.  <\/p>\n<p>Todos los dem\u00e1s contenidos presentes en el sitio est\u00e1n cubiertos por el derecho de autor. Toda reproducci\u00f3n est\u00e1 por tanto condicionada al acuerdo del autor en virtud del art\u00edculo L.122-4 del C\u00f3digo de la propiedad Intelectual.<br \/>\nLa informaci\u00f3n reproducida solo debe serlo con fines personales, asociativos o profesionales; quedando prohibida toda difusi\u00f3n o utilizaci\u00f3n con fines comerciales o publicitarios. <\/p>\n<h5>Solicitud de autorizaci\u00f3n de reproducci\u00f3n de contenidos<\/h5>\n<p>La solicitud deber\u00e1 precisar el contenido en cuesti\u00f3n as\u00ed como la publicaci\u00f3n o el sitio en el que este \u00faltimo figurar\u00e1. Una vez obtenida esta autorizaci\u00f3n, la reproducci\u00f3n de un contenido debe obedecer a los siguientes principios: <\/p>\n<ul>\n<li>gratuidad de la difusi\u00f3n<\/li>\n<li>respeto de la integridad de los documentos reproducidos (ninguna modificaci\u00f3n, ni alteraci\u00f3n de ning\u00fan tipo)<\/li>\n<li>menci\u00f3n obligatoria: \u00ab\u00a9 Laura Dauzonne \u2013 www.lauradauzonne.com \u2013 derechos reservados\u00bb. Esta menci\u00f3n apuntar\u00e1 gracias a un enlace hipertexto directamente al contenido <\/li>\n<li>inserci\u00f3n de un icono que represente el sitio web<\/li>\n<\/ul>\n<p>Los organismos bajo tutela as\u00ed como los dem\u00e1s ministerios est\u00e1n exentos de esta solicitud de autorizaci\u00f3n bajo reserva de inserci\u00f3n de la menci\u00f3n: \u00ab\u00a9 Laura Dauzonne \u2013 www.lauradauzonne.com \u2013 derechos reservados\u00bb. Esta menci\u00f3n apuntar\u00e1 gracias a un enlace hipertexto directamente al contenido. <\/p>\n<h4>RESPONSABILIDAD FRENTE A LOS ENLACES HACIA OTROS SITIOS<\/h4>\n<p>El sitio <a title=\"Laura Dauzonne - www.lauradauzonne.com\" href=\"https:\/\/www.lauradauzonne.com\/es\/\">www.lauradauzonne.com<\/a> propone numerosos enlaces hacia otros sitios, esencialmente sitios oficiales (gobierno, instituciones, organismos p\u00fablicos, etc.) pero tambi\u00e9n hacia sitios, franceses o extranjeros, de asociaciones, de organismos profesionales del sector educativo o de empresas colaboradoras en operaciones puntuales.<\/p>\n<p>Cada vez, se precisa sistem\u00e1ticamente hacia qu\u00e9 sitio le proponemos ir. Estas p\u00e1ginas, cuyas direcciones se verifican regularmente, no forman parte del sitio <a title=\"Laura Dauzonne - www.lauradauzonne.com\" href=\"https:\/\/www.lauradauzonne.com\/es\/\">www.lauradauzonne.com<\/a>: no comprometen la responsabilidad de la redacci\u00f3n del sitio que no puede ser considerada responsable de los contenidos hacia los que estos enlaces apuntan. Solo tienen como objetivo permitir al internauta acceder m\u00e1s f\u00e1cilmente a otros recursos documentales sobre el tema consultado.  <\/p>\n<h4>SOLICITUD DE CREACI\u00d3N DE ENLACES<\/h4>\n<h5>Creaci\u00f3n de enlaces hacia el sitio <a title=\"Laura Dauzonne - www.lauradauzonne.com\" href=\"https:\/\/www.lauradauzonne.com\/es\/\">www.lauradauzonne.com<\/a><\/h5>\n<p>El sitio <a title=\"Laura Dauzonne - www.lauradauzonne.com\" href=\"https:\/\/www.lauradauzonne.com\/es\/\">www.lauradauzonne.com<\/a> autoriza, sin autorizaci\u00f3n previa, la creaci\u00f3n de enlaces hipertexto que apunten a sus p\u00e1ginas, bajo reserva de: <\/p>\n<ul>\n<li>no utilizar la t\u00e9cnica del enlace profundo, es decir que las p\u00e1ginas del sitio <a title=\"Laura Dauzonne - www.lauradauzonne.com\" href=\"https:\/\/www.lauradauzonne.com\/es\/\">www.lauradauzonne.com<\/a> no deben estar incrustadas dentro de las p\u00e1ginas de otro sitio, sino visibles mediante la apertura de una ventana independiente<\/li>\n<li>mencionar la fuente que apuntar\u00e1 gracias a un enlace hipertexto directamente al contenido en cuesti\u00f3n<\/li>\n<\/ul>\n<p>Los sitios que opten por apuntar hacia <a title=\"Laura Dauzonne - www.lauradauzonne.com\" href=\"https:\/\/www.lauradauzonne.com\/es\/\">www.lauradauzonne.com<\/a> comprometen su responsabilidad desde el momento en que atenten contra la imagen del sitio p\u00fablico.<\/p>\n<h4>DERECHO APLICABLE Y ATRIBUCI\u00d3N DE JURISDICCI\u00d3N<\/h4>\n<p>Todo litigio en relaci\u00f3n con el uso del sitio <a title=\"Laura Dauzonne - www.lauradauzonne.com\" href=\"https:\/\/www.lauradauzonne.com\/es\/\">www.lauradauzonne.com<\/a> est\u00e1 sometido al derecho franc\u00e9s. Se atribuye jurisdicci\u00f3n exclusiva a los tribunales competentes de Par\u00eds. <\/p>\n<h4>ACCESIBILIDAD DEL SITIO<\/h4>\n<p>Se presta especial cuidado para hacer el sitio web <a title=\"Laura Dauzonne - www.lauradauzonne.com\" href=\"https:\/\/www.lauradauzonne.com\/es\/\">www.lauradauzonne.com<\/a> lo m\u00e1s accesible posible, y muy particularmente a las personas con discapacidad visual. Las p\u00e1ginas se van poniendo progresivamente en conformidad con las recomendaciones del marco de referencia com\u00fan de los criterios de accesibilidad de los servicios de Internet de la administraci\u00f3n francesa para respetar la ley n.\u00ba 2005-102 de 11 de febrero de 2005 para la igualdad de derechos y oportunidades, la participaci\u00f3n y la ciudadan\u00eda de las personas con discapacidad. <\/p>\n<p>Este sitio est\u00e1 protegido por reCAPTCHA. Se aplican las <a href=\"https:\/\/policies.google.com\/privacy\">Pol\u00edticas de privacidad<\/a> y las <a href=\"https:\/\/policies.google.com\/terms\">Condiciones de uso<\/a> de Google. <\/p>\n","protected":false},"excerpt":{"rendered":"<p>&nbsp; INFORMACI\u00d3N EDITORIAL Sitio: www.lauradauzonne.com Propietaria: Laura Dauzonne SIRET: &#8230;. Direcci\u00f3n: &#8230;.. Tel\u00e9fono: &#8230;.. Responsable de publicaci\u00f3n: Laura Dauzonne \u2013 contact@lauradauzonne.com Dise\u00f1o: Antoine Rousseau CONTACTAR CON NOSOTROS Laura Dauzonne le ofrece la posibilidad de comunicarse con sus servicios, respetando el marco de referencia Marianne. Esta carta interministerial tiene como objetivo garantizar la calidad de la [&hellip;]<\/p>\n","protected":false},"author":1,"featured_media":0,"parent":0,"menu_order":0,"comment_status":"closed","ping_status":"closed","template":"","meta":{"footnotes":""},"class_list":["post-6725","page","type-page","status-publish","hentry"],"yoast_head":"<!-- This site is optimized with the Yoast SEO plugin v26.4 - https:\/\/yoast.com\/wordpress\/plugins\/seo\/ -->\n<title>Aviso legal - Laura Dauzonne - Coach Vocal<\/title>\n<meta name=\"robots\" content=\"index, follow, max-snippet:-1, max-image-preview:large, max-video-preview:-1\" \/>\n<link rel=\"canonical\" href=\"https:\/\/www.lauradauzonne.com\/es\/aviso-legal\/\" \/>\n<meta property=\"og:locale\" content=\"es_ES\" \/>\n<meta property=\"og:type\" content=\"article\" \/>\n<meta property=\"og:title\" content=\"Aviso legal - Laura Dauzonne - Coach Vocal\" \/>\n<meta property=\"og:description\" content=\"&nbsp; INFORMACI\u00d3N EDITORIAL Sitio: www.lauradauzonne.com Propietaria: Laura Dauzonne SIRET: &#8230;. Direcci\u00f3n: &#8230;.. Tel\u00e9fono: &#8230;.. Responsable de publicaci\u00f3n: Laura Dauzonne \u2013 contact@lauradauzonne.com Dise\u00f1o: Antoine Rousseau CONTACTAR CON NOSOTROS Laura Dauzonne le ofrece la posibilidad de comunicarse con sus servicios, respetando el marco de referencia Marianne. Esta carta interministerial tiene como objetivo garantizar la calidad de la [&hellip;]\" \/>\n<meta property=\"og:url\" content=\"https:\/\/www.lauradauzonne.com\/es\/aviso-legal\/\" \/>\n<meta property=\"og:site_name\" content=\"Laura Dauzonne - Coach Vocal\" \/>\n<meta property=\"article:publisher\" content=\"https:\/\/www.facebook.com\/laura.dauzonne75\" \/>\n<meta name=\"twitter:card\" content=\"summary_large_image\" \/>\n<meta name=\"twitter:label1\" content=\"Tiempo de lectura\" \/>\n\t<meta name=\"twitter:data1\" content=\"9 minutos\" \/>\n<script type=\"application\/ld+json\" class=\"yoast-schema-graph\">{\"@context\":\"https:\/\/schema.org\",\"@graph\":[{\"@type\":\"WebPage\",\"@id\":\"https:\/\/www.lauradauzonne.com\/es\/aviso-legal\/\",\"url\":\"https:\/\/www.lauradauzonne.com\/es\/aviso-legal\/\",\"name\":\"Aviso legal - Laura Dauzonne - Coach Vocal\",\"isPartOf\":{\"@id\":\"https:\/\/www.lauradauzonne.com\/es\/#website\"},\"datePublished\":\"2025-10-04T22:39:15+00:00\",\"breadcrumb\":{\"@id\":\"https:\/\/www.lauradauzonne.com\/es\/aviso-legal\/#breadcrumb\"},\"inLanguage\":\"es\",\"potentialAction\":[{\"@type\":\"ReadAction\",\"target\":[\"https:\/\/www.lauradauzonne.com\/es\/aviso-legal\/\"]}]},{\"@type\":\"BreadcrumbList\",\"@id\":\"https:\/\/www.lauradauzonne.com\/es\/aviso-legal\/#breadcrumb\",\"itemListElement\":[{\"@type\":\"ListItem\",\"position\":1,\"name\":\"Accueil\",\"item\":\"https:\/\/www.lauradauzonne.com\/es\/\"},{\"@type\":\"ListItem\",\"position\":2,\"name\":\"Aviso legal\"}]},{\"@type\":\"WebSite\",\"@id\":\"https:\/\/www.lauradauzonne.com\/es\/#website\",\"url\":\"https:\/\/www.lauradauzonne.com\/es\/\",\"name\":\"Laura Dauzonne - Coach Vocal\",\"description\":\"\",\"publisher\":{\"@id\":\"https:\/\/www.lauradauzonne.com\/es\/#\/schema\/person\/4c192002ea4f53049774c9e0ffe5f659\"},\"potentialAction\":[{\"@type\":\"SearchAction\",\"target\":{\"@type\":\"EntryPoint\",\"urlTemplate\":\"https:\/\/www.lauradauzonne.com\/es\/?s={search_term_string}\"},\"query-input\":{\"@type\":\"PropertyValueSpecification\",\"valueRequired\":true,\"valueName\":\"search_term_string\"}}],\"inLanguage\":\"es\"},{\"@type\":[\"Person\",\"Organization\"],\"@id\":\"https:\/\/www.lauradauzonne.com\/es\/#\/schema\/person\/4c192002ea4f53049774c9e0ffe5f659\",\"name\":\"Laura Dauzonne\",\"image\":{\"@type\":\"ImageObject\",\"inLanguage\":\"es\",\"@id\":\"https:\/\/www.lauradauzonne.com\/es\/#\/schema\/person\/image\/\",\"url\":\"https:\/\/www.lauradauzonne.com\/wp-content\/uploads\/2025\/10\/laura-dauzonne.jpg\",\"contentUrl\":\"https:\/\/www.lauradauzonne.com\/wp-content\/uploads\/2025\/10\/laura-dauzonne.jpg\",\"width\":470,\"height\":650,\"caption\":\"Laura Dauzonne\"},\"logo\":{\"@id\":\"https:\/\/www.lauradauzonne.com\/es\/#\/schema\/person\/image\/\"},\"sameAs\":[\"https:\/\/www.lauradauzonne.com\/\",\"https:\/\/www.facebook.com\/laura.dauzonne75\",\"https:\/\/www.instagram.com\/dauzonne_laura\/\",\"https:\/\/www.linkedin.com\/in\/laura-dauzonne-35b542311\",\"https:\/\/www.youtube.com\/channel\/UCkiNoIKJBhB7uha-S8IxvvA\"]}]}<\/script>\n<!-- \/ Yoast SEO plugin. -->","yoast_head_json":{"title":"Aviso legal - Laura Dauzonne - Coach Vocal","robots":{"index":"index","follow":"follow","max-snippet":"max-snippet:-1","max-image-preview":"max-image-preview:large","max-video-preview":"max-video-preview:-1"},"canonical":"https:\/\/www.lauradauzonne.com\/es\/aviso-legal\/","og_locale":"es_ES","og_type":"article","og_title":"Aviso legal - Laura Dauzonne - Coach Vocal","og_description":"&nbsp; INFORMACI\u00d3N EDITORIAL Sitio: www.lauradauzonne.com Propietaria: Laura Dauzonne SIRET: &#8230;. Direcci\u00f3n: &#8230;.. Tel\u00e9fono: &#8230;.. Responsable de publicaci\u00f3n: Laura Dauzonne \u2013 contact@lauradauzonne.com Dise\u00f1o: Antoine Rousseau CONTACTAR CON NOSOTROS Laura Dauzonne le ofrece la posibilidad de comunicarse con sus servicios, respetando el marco de referencia Marianne. Esta carta interministerial tiene como objetivo garantizar la calidad de la [&hellip;]","og_url":"https:\/\/www.lauradauzonne.com\/es\/aviso-legal\/","og_site_name":"Laura Dauzonne - Coach Vocal","article_publisher":"https:\/\/www.facebook.com\/laura.dauzonne75","twitter_card":"summary_large_image","twitter_misc":{"Tiempo de lectura":"9 minutos"},"schema":{"@context":"https:\/\/schema.org","@graph":[{"@type":"WebPage","@id":"https:\/\/www.lauradauzonne.com\/es\/aviso-legal\/","url":"https:\/\/www.lauradauzonne.com\/es\/aviso-legal\/","name":"Aviso legal - Laura Dauzonne - Coach Vocal","isPartOf":{"@id":"https:\/\/www.lauradauzonne.com\/es\/#website"},"datePublished":"2025-10-04T22:39:15+00:00","breadcrumb":{"@id":"https:\/\/www.lauradauzonne.com\/es\/aviso-legal\/#breadcrumb"},"inLanguage":"es","potentialAction":[{"@type":"ReadAction","target":["https:\/\/www.lauradauzonne.com\/es\/aviso-legal\/"]}]},{"@type":"BreadcrumbList","@id":"https:\/\/www.lauradauzonne.com\/es\/aviso-legal\/#breadcrumb","itemListElement":[{"@type":"ListItem","position":1,"name":"Accueil","item":"https:\/\/www.lauradauzonne.com\/es\/"},{"@type":"ListItem","position":2,"name":"Aviso legal"}]},{"@type":"WebSite","@id":"https:\/\/www.lauradauzonne.com\/es\/#website","url":"https:\/\/www.lauradauzonne.com\/es\/","name":"Laura Dauzonne - Coach Vocal","description":"","publisher":{"@id":"https:\/\/www.lauradauzonne.com\/es\/#\/schema\/person\/4c192002ea4f53049774c9e0ffe5f659"},"potentialAction":[{"@type":"SearchAction","target":{"@type":"EntryPoint","urlTemplate":"https:\/\/www.lauradauzonne.com\/es\/?s={search_term_string}"},"query-input":{"@type":"PropertyValueSpecification","valueRequired":true,"valueName":"search_term_string"}}],"inLanguage":"es"},{"@type":["Person","Organization"],"@id":"https:\/\/www.lauradauzonne.com\/es\/#\/schema\/person\/4c192002ea4f53049774c9e0ffe5f659","name":"Laura Dauzonne","image":{"@type":"ImageObject","inLanguage":"es","@id":"https:\/\/www.lauradauzonne.com\/es\/#\/schema\/person\/image\/","url":"https:\/\/www.lauradauzonne.com\/wp-content\/uploads\/2025\/10\/laura-dauzonne.jpg","contentUrl":"https:\/\/www.lauradauzonne.com\/wp-content\/uploads\/2025\/10\/laura-dauzonne.jpg","width":470,"height":650,"caption":"Laura Dauzonne"},"logo":{"@id":"https:\/\/www.lauradauzonne.com\/es\/#\/schema\/person\/image\/"},"sameAs":["https:\/\/www.lauradauzonne.com\/","https:\/\/www.facebook.com\/laura.dauzonne75","https:\/\/www.instagram.com\/dauzonne_laura\/","https:\/\/www.linkedin.com\/in\/laura-dauzonne-35b542311","https:\/\/www.youtube.com\/channel\/UCkiNoIKJBhB7uha-S8IxvvA"]}]}},"_links":{"self":[{"href":"https:\/\/www.lauradauzonne.com\/es\/wp-json\/wp\/v2\/pages\/6725","targetHints":{"allow":["GET"]}}],"collection":[{"href":"https:\/\/www.lauradauzonne.com\/es\/wp-json\/wp\/v2\/pages"}],"about":[{"href":"https:\/\/www.lauradauzonne.com\/es\/wp-json\/wp\/v2\/types\/page"}],"author":[{"embeddable":true,"href":"https:\/\/www.lauradauzonne.com\/es\/wp-json\/wp\/v2\/users\/1"}],"replies":[{"embeddable":true,"href":"https:\/\/www.lauradauzonne.com\/es\/wp-json\/wp\/v2\/comments?post=6725"}],"version-history":[{"count":0,"href":"https:\/\/www.lauradauzonne.com\/es\/wp-json\/wp\/v2\/pages\/6725\/revisions"}],"wp:attachment":[{"href":"https:\/\/www.lauradauzonne.com\/es\/wp-json\/wp\/v2\/media?parent=6725"}],"curies":[{"name":"wp","href":"https:\/\/api.w.org\/{rel}","templated":true}]}}