{"id":6678,"date":"2022-02-11T13:04:38","date_gmt":"2022-02-11T12:04:38","guid":{"rendered":"https:\/\/www.lauradauzonne.com\/contacto-e-inscripcion\/"},"modified":"2025-10-22T13:16:18","modified_gmt":"2025-10-22T11:16:18","slug":"contacto-e-inscripcion","status":"publish","type":"page","link":"https:\/\/www.lauradauzonne.com\/es\/contacto-e-inscripcion\/","title":{"rendered":"Contacto e inscripci\u00f3n"},"content":{"rendered":"\t\t<div data-elementor-type=\"wp-page\" data-elementor-id=\"6678\" class=\"elementor elementor-6678 elementor-2679\">\n\t\t\t\t\t\t<section class=\"elementor-section elementor-top-section elementor-element elementor-element-7f316bf elementor-section-full_width qodef-elementor-content-grid elementor-section-height-default elementor-section-height-default\" data-id=\"7f316bf\" data-element_type=\"section\">\n\t\t\t\t\t\t<div class=\"elementor-container elementor-column-gap-default\">\n\t\t\t\t\t<div class=\"elementor-column elementor-col-100 elementor-top-column elementor-element elementor-element-bc2a3f7\" data-id=\"bc2a3f7\" data-element_type=\"column\">\n\t\t\t<div class=\"elementor-widget-wrap elementor-element-populated\">\n\t\t\t\t\t\t<div class=\"elementor-element elementor-element-3a9cdbf elementor-widget elementor-widget-learnwell_core_section_title\" data-id=\"3a9cdbf\" data-element_type=\"widget\" data-widget_type=\"learnwell_core_section_title.default\">\n\t\t\t\t<div class=\"elementor-widget-container\">\n\t\t\t\t\t<div class=\"qodef-shortcode qodef-m qodef-section-title qodef-alignment--center qodef-title-break--disabled\">\n\t\t<h6 class=\"qodef-m-tagline\" >Su contacto<\/h6>\n\t\t<h2 class=\"qodef-m-title\" style=\"margin-top: 10px\">\n\t\t\t\t\tSolicite una cita para una<br \/> primera consulta\t\t\t<\/h2>\n\t<\/div>\n\t\t\t\t<\/div>\n\t\t\t\t<\/div>\n\t\t\t\t\t<\/div>\n\t\t<\/div>\n\t\t\t\t\t<\/div>\n\t\t<\/section>\n\t\t\t\t<section class=\"elementor-section elementor-top-section elementor-element elementor-element-1c9eed6 elementor-section-full_width qodef-elementor-content-grid elementor-section-height-default elementor-section-height-default\" data-id=\"1c9eed6\" data-element_type=\"section\">\n\t\t\t\t\t\t<div class=\"elementor-container elementor-column-gap-default\">\n\t\t\t\t\t<div class=\"elementor-column elementor-col-50 elementor-top-column elementor-element elementor-element-791516c\" data-id=\"791516c\" data-element_type=\"column\" data-settings=\"{&quot;background_background&quot;:&quot;classic&quot;}\">\n\t\t\t<div class=\"elementor-widget-wrap elementor-element-populated\">\n\t\t\t\t\t\t<div class=\"elementor-element elementor-element-7a3bb83 elementor-widget elementor-widget-spacer\" data-id=\"7a3bb83\" data-element_type=\"widget\" data-widget_type=\"spacer.default\">\n\t\t\t\t\t\t\t<div class=\"elementor-spacer\">\n\t\t\t<div class=\"elementor-spacer-inner\"><\/div>\n\t\t<\/div>\n\t\t\t\t\t\t<\/div>\n\t\t\t\t\t<\/div>\n\t\t<\/div>\n\t\t\t\t<div class=\"elementor-column elementor-col-50 elementor-top-column elementor-element elementor-element-b28c096\" data-id=\"b28c096\" data-element_type=\"column\" data-settings=\"{&quot;background_background&quot;:&quot;classic&quot;}\">\n\t\t\t<div class=\"elementor-widget-wrap elementor-element-populated\">\n\t\t\t\t\t\t<div class=\"elementor-element elementor-element-0804098 elementor-widget elementor-widget-learnwell_core_section_title\" data-id=\"0804098\" data-element_type=\"widget\" data-widget_type=\"learnwell_core_section_title.default\">\n\t\t\t\t<div class=\"elementor-widget-container\">\n\t\t\t\t\t<div class=\"qodef-shortcode qodef-m qodef-section-title qodef-alignment--left\">\n\t\t\t<h3 class=\"qodef-m-title\" style=\"margin-top: 0px\">\n\t\t\t\t\tCont\u00e1cteme\t\t\t<\/h3>\n\t\t<p class=\"qodef-m-text\" style=\"margin-top: 14px\">Respuesta r\u00e1pida garantizada<\/p>\n<\/div>\n\t\t\t\t<\/div>\n\t\t\t\t<\/div>\n\t\t\t\t<div class=\"elementor-element elementor-element-29ce8f2 elementor-widget elementor-widget-wp-widget-learnwell_core_contact_form_7\" data-id=\"29ce8f2\" data-element_type=\"widget\" data-widget_type=\"wp-widget-learnwell_core_contact_form_7.default\">\n\t\t\t\t<div class=\"elementor-widget-container\">\n\t\t\t\t\t\t\t\t<div class=\"qodef-contact-form-7\">\n\t\t\t\t\n<div class=\"wpcf7 no-js\" id=\"wpcf7-f6760-o1\" lang=\"es-ES\" dir=\"ltr\" data-wpcf7-id=\"6760\">\n<div class=\"screen-reader-response\"><p role=\"status\" aria-live=\"polite\" aria-atomic=\"true\"><\/p> <ul><\/ul><\/div>\n<form action=\"\/es\/wp-json\/wp\/v2\/pages\/6678#wpcf7-f6760-o1\" method=\"post\" class=\"wpcf7-form init\" aria-label=\"Formulario de contacto\" novalidate=\"novalidate\" data-status=\"init\">\n<fieldset class=\"hidden-fields-container\"><input type=\"hidden\" name=\"_wpcf7\" value=\"6760\" \/><input type=\"hidden\" name=\"_wpcf7_version\" value=\"6.1.3\" \/><input type=\"hidden\" name=\"_wpcf7_locale\" value=\"es_ES\" \/><input type=\"hidden\" name=\"_wpcf7_unit_tag\" value=\"wpcf7-f6760-o1\" \/><input type=\"hidden\" name=\"_wpcf7_container_post\" value=\"0\" \/><input type=\"hidden\" name=\"_wpcf7_posted_data_hash\" value=\"\" \/><input type=\"hidden\" name=\"_wpcf7_recaptcha_response\" value=\"\" \/>\n<\/fieldset>\n<span class=\"wpcf7-form-control-wrap\" data-name=\"your-lastname\"><input size=\"40\" maxlength=\"400\" class=\"wpcf7-form-control wpcf7-text wpcf7-validates-as-required\" aria-required=\"true\" aria-invalid=\"false\" placeholder=\"Apellido*\" value=\"\" type=\"text\" name=\"your-lastname\" \/><\/span>\n\n<span class=\"wpcf7-form-control-wrap\" data-name=\"your-firstname\"><input size=\"40\" maxlength=\"400\" class=\"wpcf7-form-control wpcf7-text wpcf7-validates-as-required\" aria-required=\"true\" aria-invalid=\"false\" placeholder=\"Nombre*\" value=\"\" type=\"text\" name=\"your-firstname\" \/><\/span>\n\n<span class=\"wpcf7-form-control-wrap\" data-name=\"your-function\"><input size=\"40\" maxlength=\"400\" class=\"wpcf7-form-control wpcf7-text\" aria-invalid=\"false\" placeholder=\"Cargo\" value=\"\" type=\"text\" name=\"your-function\" \/><\/span>\n\n<span class=\"wpcf7-form-control-wrap\" data-name=\"your-company\"><input size=\"40\" maxlength=\"400\" class=\"wpcf7-form-control wpcf7-text\" aria-invalid=\"false\" placeholder=\"Empresa\" value=\"\" type=\"text\" name=\"your-company\" \/><\/span>\n\n<span class=\"wpcf7-form-control-wrap\" data-name=\"your-sector\"><input size=\"40\" maxlength=\"400\" class=\"wpcf7-form-control wpcf7-text\" aria-invalid=\"false\" placeholder=\"Sector de actividad\" value=\"\" type=\"text\" name=\"your-sector\" \/><\/span>\n\n<span class=\"wpcf7-form-control-wrap\" data-name=\"your-email\"><input size=\"40\" maxlength=\"400\" class=\"wpcf7-form-control wpcf7-email wpcf7-validates-as-required wpcf7-text wpcf7-validates-as-email\" aria-required=\"true\" aria-invalid=\"false\" placeholder=\"Correo electr\u00f3nico*\" value=\"\" type=\"email\" name=\"your-email\" \/><\/span>\n\n<span class=\"wpcf7-form-control-wrap\" data-name=\"your-phone\"><input size=\"40\" maxlength=\"400\" class=\"wpcf7-form-control wpcf7-tel wpcf7-text wpcf7-validates-as-tel\" aria-invalid=\"false\" placeholder=\"Tel\u00e9fono\" value=\"\" type=\"tel\" name=\"your-phone\" \/><\/span>\n\n<span class=\"wpcf7-form-control-wrap\" data-name=\"your-website\"><input size=\"40\" maxlength=\"400\" class=\"wpcf7-form-control wpcf7-url wpcf7-text wpcf7-validates-as-url\" aria-invalid=\"false\" placeholder=\"Sitio web\" value=\"\" type=\"url\" name=\"your-website\" \/><\/span>\n\n<span class=\"wpcf7-form-control-wrap\" data-name=\"your-message\"><textarea cols=\"40\" rows=\"10\" maxlength=\"2000\" class=\"wpcf7-form-control wpcf7-textarea\" aria-invalid=\"false\" placeholder=\"Mensaje\" name=\"your-message\"><\/textarea><\/span>\n\n<label>ESPECIFIQUE SUS OBJETIVOS MARCANDO LA CASILLA CORRECTA:<\/label>\n\n<span class=\"wpcf7-form-control-wrap\" data-name=\"your-objectives\"><span class=\"wpcf7-form-control wpcf7-checkbox\"><span class=\"wpcf7-list-item first\"><label><input type=\"checkbox\" name=\"your-objectives[]\" value=\"Cantar por placer, mejorar para abordar sus obras favoritas.\" \/><span class=\"wpcf7-list-item-label\">Cantar por placer, mejorar para abordar sus obras favoritas.<\/span><\/label><\/span><span class=\"wpcf7-list-item\"><label><input type=\"checkbox\" name=\"your-objectives[]\" value=\"Comprender las t\u00e9cnicas vocales para dominarlas mejor.\" \/><span class=\"wpcf7-list-item-label\">Comprender las t\u00e9cnicas vocales para dominarlas mejor.<\/span><\/label><\/span><span class=\"wpcf7-list-item last\"><label><input type=\"checkbox\" name=\"your-objectives[]\" value=\"Centrarse en la interpretaci\u00f3n, el arte delicado de los matices.\" \/><span class=\"wpcf7-list-item-label\">Centrarse en la interpretaci\u00f3n, el arte delicado de los matices.<\/span><\/label><\/span><\/span><\/span>\n\n<button class=\"wpcf7-form-control wpcf7-submit qodef-button qodef-size--small qodef-layout--filled qodef-m\" type=\"submit\"><span class=\"qodef-m-text\">Enviar<\/span><\/button><div class=\"wpcf7-response-output\" aria-hidden=\"true\"><\/div>\n<\/form>\n<\/div>\n\t\t\t<\/div>\n\t\t\t\t\t\t\t<\/div>\n\t\t\t\t<\/div>\n\t\t\t\t<div class=\"elementor-element elementor-element-3f3c817 elementor-widget elementor-widget-html\" data-id=\"3f3c817\" data-element_type=\"widget\" data-widget_type=\"html.default\">\n\t\t\t\t\t<style>input[type=\"checkbox\"] {  margin: 5px 11px -4px 0;}\n \n  \n  <\/style>\t\t\t\t<\/div>\n\t\t\t\t\t<\/div>\n\t\t<\/div>\n\t\t\t\t\t<\/div>\n\t\t<\/section>\n\t\t\t\t<\/div>\n\t\t","protected":false},"excerpt":{"rendered":"<p>Su contacto Solicite una cita para una primera consulta Cont\u00e1cteme Respuesta r\u00e1pida garantizada<\/p>\n","protected":false},"author":1,"featured_media":0,"parent":0,"menu_order":0,"comment_status":"closed","ping_status":"closed","template":"page-full-width.php","meta":{"footnotes":""},"class_list":["post-6678","page","type-page","status-publish","hentry"],"yoast_head":"<!-- This site is optimized with the Yoast SEO plugin v26.4 - https:\/\/yoast.com\/wordpress\/plugins\/seo\/ -->\n<title>Contacto e inscripci\u00f3n - Laura Dauzonne - Coach Vocal<\/title>\n<meta name=\"description\" content=\"Laura Dauzonne, Coach vocal triling\u00fce (franc\u00e9s, ingl\u00e9s, espa\u00f1ol) multidisciplinar: Canto, presencia esc\u00e9nica, interpretaci\u00f3n y an\u00e1lisis musical.\" \/>\n<meta name=\"robots\" content=\"index, follow, max-snippet:-1, max-image-preview:large, max-video-preview:-1\" \/>\n<link rel=\"canonical\" href=\"https:\/\/www.lauradauzonne.com\/es\/contacto-e-inscripcion\/\" \/>\n<meta property=\"og:locale\" content=\"es_ES\" \/>\n<meta property=\"og:type\" content=\"article\" \/>\n<meta property=\"og:title\" content=\"Contacto e inscripci\u00f3n - Laura Dauzonne - Coach Vocal\" \/>\n<meta property=\"og:description\" content=\"Laura Dauzonne, Coach vocal triling\u00fce (franc\u00e9s, ingl\u00e9s, espa\u00f1ol) multidisciplinar: Canto, presencia esc\u00e9nica, interpretaci\u00f3n y an\u00e1lisis musical.\" \/>\n<meta property=\"og:url\" content=\"https:\/\/www.lauradauzonne.com\/es\/contacto-e-inscripcion\/\" \/>\n<meta property=\"og:site_name\" content=\"Laura Dauzonne - Coach Vocal\" \/>\n<meta property=\"article:publisher\" content=\"https:\/\/www.facebook.com\/laura.dauzonne75\" \/>\n<meta property=\"article:modified_time\" content=\"2025-10-22T11:16:18+00:00\" \/>\n<meta name=\"twitter:card\" content=\"summary_large_image\" \/>\n<script type=\"application\/ld+json\" class=\"yoast-schema-graph\">{\"@context\":\"https:\/\/schema.org\",\"@graph\":[{\"@type\":\"WebPage\",\"@id\":\"https:\/\/www.lauradauzonne.com\/es\/contacto-e-inscripcion\/\",\"url\":\"https:\/\/www.lauradauzonne.com\/es\/contacto-e-inscripcion\/\",\"name\":\"Contacto e inscripci\u00f3n - Laura Dauzonne - Coach Vocal\",\"isPartOf\":{\"@id\":\"https:\/\/www.lauradauzonne.com\/es\/#website\"},\"datePublished\":\"2022-02-11T12:04:38+00:00\",\"dateModified\":\"2025-10-22T11:16:18+00:00\",\"description\":\"Laura Dauzonne, Coach vocal triling\u00fce (franc\u00e9s, ingl\u00e9s, espa\u00f1ol) multidisciplinar: Canto, presencia esc\u00e9nica, interpretaci\u00f3n y an\u00e1lisis musical.\",\"breadcrumb\":{\"@id\":\"https:\/\/www.lauradauzonne.com\/es\/contacto-e-inscripcion\/#breadcrumb\"},\"inLanguage\":\"es\",\"potentialAction\":[{\"@type\":\"ReadAction\",\"target\":[\"https:\/\/www.lauradauzonne.com\/es\/contacto-e-inscripcion\/\"]}]},{\"@type\":\"BreadcrumbList\",\"@id\":\"https:\/\/www.lauradauzonne.com\/es\/contacto-e-inscripcion\/#breadcrumb\",\"itemListElement\":[{\"@type\":\"ListItem\",\"position\":1,\"name\":\"Accueil\",\"item\":\"https:\/\/www.lauradauzonne.com\/es\/\"},{\"@type\":\"ListItem\",\"position\":2,\"name\":\"Contacto e inscripci\u00f3n\"}]},{\"@type\":\"WebSite\",\"@id\":\"https:\/\/www.lauradauzonne.com\/es\/#website\",\"url\":\"https:\/\/www.lauradauzonne.com\/es\/\",\"name\":\"Laura Dauzonne - Coach Vocal\",\"description\":\"\",\"publisher\":{\"@id\":\"https:\/\/www.lauradauzonne.com\/es\/#\/schema\/person\/4c192002ea4f53049774c9e0ffe5f659\"},\"potentialAction\":[{\"@type\":\"SearchAction\",\"target\":{\"@type\":\"EntryPoint\",\"urlTemplate\":\"https:\/\/www.lauradauzonne.com\/es\/?s={search_term_string}\"},\"query-input\":{\"@type\":\"PropertyValueSpecification\",\"valueRequired\":true,\"valueName\":\"search_term_string\"}}],\"inLanguage\":\"es\"},{\"@type\":[\"Person\",\"Organization\"],\"@id\":\"https:\/\/www.lauradauzonne.com\/es\/#\/schema\/person\/4c192002ea4f53049774c9e0ffe5f659\",\"name\":\"Laura Dauzonne\",\"image\":{\"@type\":\"ImageObject\",\"inLanguage\":\"es\",\"@id\":\"https:\/\/www.lauradauzonne.com\/es\/#\/schema\/person\/image\/\",\"url\":\"https:\/\/www.lauradauzonne.com\/wp-content\/uploads\/2025\/10\/laura-dauzonne.jpg\",\"contentUrl\":\"https:\/\/www.lauradauzonne.com\/wp-content\/uploads\/2025\/10\/laura-dauzonne.jpg\",\"width\":470,\"height\":650,\"caption\":\"Laura Dauzonne\"},\"logo\":{\"@id\":\"https:\/\/www.lauradauzonne.com\/es\/#\/schema\/person\/image\/\"},\"sameAs\":[\"https:\/\/www.lauradauzonne.com\/\",\"https:\/\/www.facebook.com\/laura.dauzonne75\",\"https:\/\/www.instagram.com\/dauzonne_laura\/\",\"https:\/\/www.linkedin.com\/in\/laura-dauzonne-35b542311\",\"https:\/\/www.youtube.com\/channel\/UCkiNoIKJBhB7uha-S8IxvvA\"]}]}<\/script>\n<!-- \/ Yoast SEO plugin. -->","yoast_head_json":{"title":"Contacto e inscripci\u00f3n - Laura Dauzonne - Coach Vocal","description":"Laura Dauzonne, Coach vocal triling\u00fce (franc\u00e9s, ingl\u00e9s, espa\u00f1ol) multidisciplinar: Canto, presencia esc\u00e9nica, interpretaci\u00f3n y an\u00e1lisis musical.","robots":{"index":"index","follow":"follow","max-snippet":"max-snippet:-1","max-image-preview":"max-image-preview:large","max-video-preview":"max-video-preview:-1"},"canonical":"https:\/\/www.lauradauzonne.com\/es\/contacto-e-inscripcion\/","og_locale":"es_ES","og_type":"article","og_title":"Contacto e inscripci\u00f3n - Laura Dauzonne - Coach Vocal","og_description":"Laura Dauzonne, Coach vocal triling\u00fce (franc\u00e9s, ingl\u00e9s, espa\u00f1ol) multidisciplinar: Canto, presencia esc\u00e9nica, interpretaci\u00f3n y an\u00e1lisis musical.","og_url":"https:\/\/www.lauradauzonne.com\/es\/contacto-e-inscripcion\/","og_site_name":"Laura Dauzonne - Coach Vocal","article_publisher":"https:\/\/www.facebook.com\/laura.dauzonne75","article_modified_time":"2025-10-22T11:16:18+00:00","twitter_card":"summary_large_image","schema":{"@context":"https:\/\/schema.org","@graph":[{"@type":"WebPage","@id":"https:\/\/www.lauradauzonne.com\/es\/contacto-e-inscripcion\/","url":"https:\/\/www.lauradauzonne.com\/es\/contacto-e-inscripcion\/","name":"Contacto e inscripci\u00f3n - Laura Dauzonne - Coach Vocal","isPartOf":{"@id":"https:\/\/www.lauradauzonne.com\/es\/#website"},"datePublished":"2022-02-11T12:04:38+00:00","dateModified":"2025-10-22T11:16:18+00:00","description":"Laura Dauzonne, Coach vocal triling\u00fce (franc\u00e9s, ingl\u00e9s, espa\u00f1ol) multidisciplinar: Canto, presencia esc\u00e9nica, interpretaci\u00f3n y an\u00e1lisis musical.","breadcrumb":{"@id":"https:\/\/www.lauradauzonne.com\/es\/contacto-e-inscripcion\/#breadcrumb"},"inLanguage":"es","potentialAction":[{"@type":"ReadAction","target":["https:\/\/www.lauradauzonne.com\/es\/contacto-e-inscripcion\/"]}]},{"@type":"BreadcrumbList","@id":"https:\/\/www.lauradauzonne.com\/es\/contacto-e-inscripcion\/#breadcrumb","itemListElement":[{"@type":"ListItem","position":1,"name":"Accueil","item":"https:\/\/www.lauradauzonne.com\/es\/"},{"@type":"ListItem","position":2,"name":"Contacto e inscripci\u00f3n"}]},{"@type":"WebSite","@id":"https:\/\/www.lauradauzonne.com\/es\/#website","url":"https:\/\/www.lauradauzonne.com\/es\/","name":"Laura Dauzonne - Coach Vocal","description":"","publisher":{"@id":"https:\/\/www.lauradauzonne.com\/es\/#\/schema\/person\/4c192002ea4f53049774c9e0ffe5f659"},"potentialAction":[{"@type":"SearchAction","target":{"@type":"EntryPoint","urlTemplate":"https:\/\/www.lauradauzonne.com\/es\/?s={search_term_string}"},"query-input":{"@type":"PropertyValueSpecification","valueRequired":true,"valueName":"search_term_string"}}],"inLanguage":"es"},{"@type":["Person","Organization"],"@id":"https:\/\/www.lauradauzonne.com\/es\/#\/schema\/person\/4c192002ea4f53049774c9e0ffe5f659","name":"Laura Dauzonne","image":{"@type":"ImageObject","inLanguage":"es","@id":"https:\/\/www.lauradauzonne.com\/es\/#\/schema\/person\/image\/","url":"https:\/\/www.lauradauzonne.com\/wp-content\/uploads\/2025\/10\/laura-dauzonne.jpg","contentUrl":"https:\/\/www.lauradauzonne.com\/wp-content\/uploads\/2025\/10\/laura-dauzonne.jpg","width":470,"height":650,"caption":"Laura Dauzonne"},"logo":{"@id":"https:\/\/www.lauradauzonne.com\/es\/#\/schema\/person\/image\/"},"sameAs":["https:\/\/www.lauradauzonne.com\/","https:\/\/www.facebook.com\/laura.dauzonne75","https:\/\/www.instagram.com\/dauzonne_laura\/","https:\/\/www.linkedin.com\/in\/laura-dauzonne-35b542311","https:\/\/www.youtube.com\/channel\/UCkiNoIKJBhB7uha-S8IxvvA"]}]}},"_links":{"self":[{"href":"https:\/\/www.lauradauzonne.com\/es\/wp-json\/wp\/v2\/pages\/6678","targetHints":{"allow":["GET"]}}],"collection":[{"href":"https:\/\/www.lauradauzonne.com\/es\/wp-json\/wp\/v2\/pages"}],"about":[{"href":"https:\/\/www.lauradauzonne.com\/es\/wp-json\/wp\/v2\/types\/page"}],"author":[{"embeddable":true,"href":"https:\/\/www.lauradauzonne.com\/es\/wp-json\/wp\/v2\/users\/1"}],"replies":[{"embeddable":true,"href":"https:\/\/www.lauradauzonne.com\/es\/wp-json\/wp\/v2\/comments?post=6678"}],"version-history":[{"count":1,"href":"https:\/\/www.lauradauzonne.com\/es\/wp-json\/wp\/v2\/pages\/6678\/revisions"}],"predecessor-version":[{"id":6697,"href":"https:\/\/www.lauradauzonne.com\/es\/wp-json\/wp\/v2\/pages\/6678\/revisions\/6697"}],"wp:attachment":[{"href":"https:\/\/www.lauradauzonne.com\/es\/wp-json\/wp\/v2\/media?parent=6678"}],"curies":[{"name":"wp","href":"https:\/\/api.w.org\/{rel}","templated":true}]}}