{"id":6649,"date":"2025-10-05T00:07:44","date_gmt":"2025-10-04T22:07:44","guid":{"rendered":"https:\/\/www.lauradauzonne.com\/portfolio\/"},"modified":"2025-10-22T13:16:01","modified_gmt":"2025-10-22T11:16:01","slug":"portfolio","status":"publish","type":"page","link":"https:\/\/www.lauradauzonne.com\/es\/portfolio\/","title":{"rendered":"Portfolio"},"content":{"rendered":"\t\t<div data-elementor-type=\"wp-page\" data-elementor-id=\"6649\" class=\"elementor elementor-6649 elementor-6147\">\n\t\t\t\t\t\t<section class=\"elementor-section elementor-top-section elementor-element elementor-element-ccc118b elementor-section-full_width qodef-elementor-content-grid elementor-section-height-default elementor-section-height-default\" data-id=\"ccc118b\" data-element_type=\"section\">\n\t\t\t\t\t\t<div class=\"elementor-container elementor-column-gap-default\">\n\t\t\t\t\t<div class=\"elementor-column elementor-col-50 elementor-top-column elementor-element elementor-element-7169881\" data-id=\"7169881\" data-element_type=\"column\">\n\t\t\t<div class=\"elementor-widget-wrap elementor-element-populated\">\n\t\t\t\t\t\t<div class=\"elementor-element elementor-element-ed2fc4d elementor-widget elementor-widget-learnwell_core_single_image\" data-id=\"ed2fc4d\" data-element_type=\"widget\" data-widget_type=\"learnwell_core_single_image.default\">\n\t\t\t\t<div class=\"elementor-widget-container\">\n\t\t\t\t\t<div class=\"qodef-shortcode qodef-m qodef-single-image qodef-layout--default\">\n\t\t\t<div class=\"qodef-m-image\">\n\t\t\t\t\t\t\t\t<img fetchpriority=\"high\" decoding=\"async\" width=\"1024\" height=\"1024\" src=\"https:\/\/www.lauradauzonne.com\/wp-content\/uploads\/2025\/10\/IMG_7775-1-1024x1024.jpg\" class=\"attachment-large size-large\" alt=\"\" srcset=\"https:\/\/www.lauradauzonne.com\/wp-content\/uploads\/2025\/10\/IMG_7775-1-1024x1024.jpg 1024w, https:\/\/www.lauradauzonne.com\/wp-content\/uploads\/2025\/10\/IMG_7775-1-300x300.jpg 300w, https:\/\/www.lauradauzonne.com\/wp-content\/uploads\/2025\/10\/IMG_7775-1-150x150.jpg 150w, https:\/\/www.lauradauzonne.com\/wp-content\/uploads\/2025\/10\/IMG_7775-1-768x768.jpg 768w, https:\/\/www.lauradauzonne.com\/wp-content\/uploads\/2025\/10\/IMG_7775-1-650x650.jpg 650w, https:\/\/www.lauradauzonne.com\/wp-content\/uploads\/2025\/10\/IMG_7775-1.jpg 1200w\" sizes=\"(max-width: 1024px) 100vw, 1024px\" \/>\t\t\t\t\t\t\t<\/div>\n\t<\/div>\n\t\t\t\t<\/div>\n\t\t\t\t<\/div>\n\t\t\t\t<div class=\"elementor-element elementor-element-b0f714f elementor-widget elementor-widget-text-editor\" data-id=\"b0f714f\" data-element_type=\"widget\" data-widget_type=\"text-editor.default\">\n\t\t\t\t\t\t\t\t\t<p><em>Cr\u00e9dito de la foto: Laura Dauzonne Trio &#8211; Estrasburgo<\/em><\/p>\t\t\t\t\t\t\t\t<\/div>\n\t\t\t\t\t<\/div>\n\t\t<\/div>\n\t\t\t\t<div class=\"elementor-column elementor-col-50 elementor-top-column elementor-element elementor-element-727cc57\" data-id=\"727cc57\" data-element_type=\"column\">\n\t\t\t<div class=\"elementor-widget-wrap elementor-element-populated\">\n\t\t\t\t\t\t<div class=\"elementor-element elementor-element-2e50805 elementor-widget elementor-widget-learnwell_core_section_title\" data-id=\"2e50805\" data-element_type=\"widget\" data-widget_type=\"learnwell_core_section_title.default\">\n\t\t\t\t<div class=\"elementor-widget-container\">\n\t\t\t\t\t<div class=\"qodef-shortcode qodef-m qodef-section-title qodef-alignment--left\">\n\t\t<h6 class=\"qodef-m-tagline\" >Coaching vocal<\/h6>\n\t\t<h2 class=\"qodef-m-title\" style=\"margin-top: 10px\">\n\t\t\t\t\tMi trayectoria\t\t\t<\/h2>\n\t<\/div>\n\t\t\t\t<\/div>\n\t\t\t\t<\/div>\n\t\t\t\t<div class=\"elementor-element elementor-element-9e84bda elementor-widget elementor-widget-text-editor\" data-id=\"9e84bda\" data-element_type=\"widget\" data-widget_type=\"text-editor.default\">\n\t\t\t\t\t\t\t\t\t<h4><strong>Laura Dauzonne, cantante l\u00edrica soprano<\/strong><\/h4><p><em>Int\u00e9rprete de canciones francesas e internacionales<\/em><\/p><p><strong>Graduada del Conservatorio<\/strong> Nadia y Lili Boulanger<\/p><p><strong>3er premio de Piano en el Concurso Internacional STEINWAY &amp; SONS,<\/strong> en Hamburgo \u2013 2009<\/p><p><strong>Ense\u00f1a canto y an\u00e1lisis musical, presencia esc\u00e9nica e interpretaci\u00f3n en franc\u00e9s, espa\u00f1ol e ingl\u00e9s<\/strong><\/p>\t\t\t\t\t\t\t\t<\/div>\n\t\t\t\t\t<\/div>\n\t\t<\/div>\n\t\t\t\t\t<\/div>\n\t\t<\/section>\n\t\t\t\t<section class=\"elementor-section elementor-top-section elementor-element elementor-element-e0fd3e1 elementor-section-full_width qodef-elementor-content-grid elementor-section-height-default elementor-section-height-default\" data-id=\"e0fd3e1\" data-element_type=\"section\">\n\t\t\t\t\t\t<div class=\"elementor-container elementor-column-gap-default\">\n\t\t\t\t\t<div class=\"elementor-column elementor-col-100 elementor-top-column elementor-element elementor-element-b5bdb00\" data-id=\"b5bdb00\" data-element_type=\"column\">\n\t\t\t<div class=\"elementor-widget-wrap elementor-element-populated\">\n\t\t\t\t\t\t<div class=\"elementor-element elementor-element-fc3e4eb elementor-widget elementor-widget-learnwell_core_section_title\" data-id=\"fc3e4eb\" data-element_type=\"widget\" data-widget_type=\"learnwell_core_section_title.default\">\n\t\t\t\t<div class=\"elementor-widget-container\">\n\t\t\t\t\t<div class=\"qodef-shortcode qodef-m qodef-section-title qodef-alignment--left\">\n\t\t<h6 class=\"qodef-m-tagline\" >portfolio<\/h6>\n\t\t<h2 class=\"qodef-m-title\" style=\"margin-top: 10px\">\n\t\t\t\t\tMis v\u00eddeos\t\t\t<\/h2>\n\t<\/div>\n\t\t\t\t<\/div>\n\t\t\t\t<\/div>\n\t\t\t\t\t<\/div>\n\t\t<\/div>\n\t\t\t\t\t<\/div>\n\t\t<\/section>\n\t\t<div class=\"elementor-element elementor-element-86a9ac3 e-grid e-con-boxed qodef-elementor-content-no e-con e-parent\" data-id=\"86a9ac3\" data-element_type=\"container\">\n\t\t\t\t\t<div class=\"e-con-inner\">\n\t\t\t\t<div class=\"elementor-element elementor-element-3ce95c9 elementor-widget elementor-widget-video\" data-id=\"3ce95c9\" data-element_type=\"widget\" data-settings=\"{&quot;youtube_url&quot;:&quot;https:\\\/\\\/youtu.be\\\/PThH2T1qpW4&quot;,&quot;video_type&quot;:&quot;youtube&quot;,&quot;controls&quot;:&quot;yes&quot;}\" data-widget_type=\"video.default\">\n\t\t\t\t\t\t\t<div class=\"elementor-wrapper elementor-open-inline\">\n\t\t\t<div class=\"elementor-video\"><\/div>\t\t<\/div>\n\t\t\t\t\t\t<\/div>\n\t\t\t\t<div class=\"elementor-element elementor-element-c556790 elementor-widget elementor-widget-video\" data-id=\"c556790\" data-element_type=\"widget\" data-settings=\"{&quot;youtube_url&quot;:&quot;https:\\\/\\\/youtu.be\\\/ki9Cuhm79yw&quot;,&quot;video_type&quot;:&quot;youtube&quot;,&quot;controls&quot;:&quot;yes&quot;}\" data-widget_type=\"video.default\">\n\t\t\t\t\t\t\t<div class=\"elementor-wrapper elementor-open-inline\">\n\t\t\t<div class=\"elementor-video\"><\/div>\t\t<\/div>\n\t\t\t\t\t\t<\/div>\n\t\t\t\t<div class=\"elementor-element elementor-element-2fc8f45 elementor-widget elementor-widget-video\" data-id=\"2fc8f45\" data-element_type=\"widget\" data-settings=\"{&quot;youtube_url&quot;:&quot;https:\\\/\\\/youtu.be\\\/1wKS3d5LNPQ&quot;,&quot;video_type&quot;:&quot;youtube&quot;,&quot;controls&quot;:&quot;yes&quot;}\" data-widget_type=\"video.default\">\n\t\t\t\t\t\t\t<div class=\"elementor-wrapper elementor-open-inline\">\n\t\t\t<div class=\"elementor-video\"><\/div>\t\t<\/div>\n\t\t\t\t\t\t<\/div>\n\t\t\t\t<div class=\"elementor-element elementor-element-1f9b053 elementor-widget elementor-widget-video\" data-id=\"1f9b053\" data-element_type=\"widget\" data-settings=\"{&quot;youtube_url&quot;:&quot;https:\\\/\\\/youtu.be\\\/qKFY-SUWDCY&quot;,&quot;video_type&quot;:&quot;youtube&quot;,&quot;controls&quot;:&quot;yes&quot;}\" data-widget_type=\"video.default\">\n\t\t\t\t\t\t\t<div class=\"elementor-wrapper elementor-open-inline\">\n\t\t\t<div class=\"elementor-video\"><\/div>\t\t<\/div>\n\t\t\t\t\t\t<\/div>\n\t\t\t\t<div class=\"elementor-element elementor-element-d766fa7 elementor-widget elementor-widget-video\" data-id=\"d766fa7\" data-element_type=\"widget\" data-settings=\"{&quot;youtube_url&quot;:&quot;https:\\\/\\\/youtu.be\\\/9oPCwUkCTvk&quot;,&quot;video_type&quot;:&quot;youtube&quot;,&quot;controls&quot;:&quot;yes&quot;}\" data-widget_type=\"video.default\">\n\t\t\t\t\t\t\t<div class=\"elementor-wrapper elementor-open-inline\">\n\t\t\t<div class=\"elementor-video\"><\/div>\t\t<\/div>\n\t\t\t\t\t\t<\/div>\n\t\t\t\t<div class=\"elementor-element elementor-element-16e1cdf elementor-widget elementor-widget-video\" data-id=\"16e1cdf\" data-element_type=\"widget\" data-settings=\"{&quot;youtube_url&quot;:&quot;https:\\\/\\\/youtu.be\\\/B3npNi5dL9U&quot;,&quot;video_type&quot;:&quot;youtube&quot;,&quot;controls&quot;:&quot;yes&quot;}\" data-widget_type=\"video.default\">\n\t\t\t\t\t\t\t<div class=\"elementor-wrapper elementor-open-inline\">\n\t\t\t<div class=\"elementor-video\"><\/div>\t\t<\/div>\n\t\t\t\t\t\t<\/div>\n\t\t\t\t<div class=\"elementor-element elementor-element-1258931 elementor-widget elementor-widget-video\" data-id=\"1258931\" data-element_type=\"widget\" data-settings=\"{&quot;youtube_url&quot;:&quot;https:\\\/\\\/youtu.be\\\/BIGYkTgg28A&quot;,&quot;video_type&quot;:&quot;youtube&quot;,&quot;controls&quot;:&quot;yes&quot;}\" data-widget_type=\"video.default\">\n\t\t\t\t\t\t\t<div class=\"elementor-wrapper elementor-open-inline\">\n\t\t\t<div class=\"elementor-video\"><\/div>\t\t<\/div>\n\t\t\t\t\t\t<\/div>\n\t\t\t\t<div class=\"elementor-element elementor-element-5fba031 elementor-widget elementor-widget-video\" data-id=\"5fba031\" data-element_type=\"widget\" data-settings=\"{&quot;youtube_url&quot;:&quot;https:\\\/\\\/youtu.be\\\/v28bFud1ZH8&quot;,&quot;video_type&quot;:&quot;youtube&quot;,&quot;controls&quot;:&quot;yes&quot;}\" data-widget_type=\"video.default\">\n\t\t\t\t\t\t\t<div class=\"elementor-wrapper elementor-open-inline\">\n\t\t\t<div class=\"elementor-video\"><\/div>\t\t<\/div>\n\t\t\t\t\t\t<\/div>\n\t\t\t\t<div class=\"elementor-element elementor-element-25b6c4b elementor-widget elementor-widget-video\" data-id=\"25b6c4b\" data-element_type=\"widget\" data-settings=\"{&quot;youtube_url&quot;:&quot;https:\\\/\\\/youtu.be\\\/iyzM2eAZf5o&quot;,&quot;video_type&quot;:&quot;youtube&quot;,&quot;controls&quot;:&quot;yes&quot;}\" data-widget_type=\"video.default\">\n\t\t\t\t\t\t\t<div class=\"elementor-wrapper elementor-open-inline\">\n\t\t\t<div class=\"elementor-video\"><\/div>\t\t<\/div>\n\t\t\t\t\t\t<\/div>\n\t\t\t\t\t<\/div>\n\t\t\t\t<\/div>\n\t\t<div class=\"elementor-element elementor-element-9429ae2 e-flex e-con-boxed qodef-elementor-content-no e-con e-parent\" data-id=\"9429ae2\" data-element_type=\"container\">\n\t\t\t\t\t<div class=\"e-con-inner\">\n\t\t\t\t<div class=\"elementor-element elementor-element-11404d7 elementor-widget elementor-widget-spacer\" data-id=\"11404d7\" data-element_type=\"widget\" data-widget_type=\"spacer.default\">\n\t\t\t\t\t\t\t<div class=\"elementor-spacer\">\n\t\t\t<div class=\"elementor-spacer-inner\"><\/div>\n\t\t<\/div>\n\t\t\t\t\t\t<\/div>\n\t\t\t\t\t<\/div>\n\t\t\t\t<\/div>\n\t\t\t\t<\/div>\n\t\t","protected":false},"excerpt":{"rendered":"<p>Cr\u00e9dito de la foto: Laura Dauzonne Trio &#8211; Estrasburgo Coaching vocal Mi trayectoria Laura Dauzonne, cantante l\u00edrica soprano Int\u00e9rprete de canciones francesas e internacionales Graduada del Conservatorio Nadia y Lili Boulanger 3er premio de Piano en el Concurso Internacional STEINWAY &amp; SONS, en Hamburgo \u2013 2009 Ense\u00f1a canto y an\u00e1lisis musical, presencia esc\u00e9nica e interpretaci\u00f3n [&hellip;]<\/p>\n","protected":false},"author":1,"featured_media":0,"parent":0,"menu_order":0,"comment_status":"closed","ping_status":"closed","template":"page-full-width.php","meta":{"footnotes":""},"class_list":["post-6649","page","type-page","status-publish","hentry"],"yoast_head":"<!-- This site is optimized with the Yoast SEO plugin v26.4 - https:\/\/yoast.com\/wordpress\/plugins\/seo\/ -->\n<title>Portfolio - Laura Dauzonne - Coach Vocal Triling\u00fce<\/title>\n<meta name=\"description\" content=\"Con m\u00e1s de 10 a\u00f1os de experiencia en el escenario, Laura Dauzonne aporta su experiencia y ense\u00f1anza para ayudar a profesionales y aficionados a liberar su potencial vocal y fortalecer su liderazgo.\" \/>\n<meta name=\"robots\" content=\"index, follow, max-snippet:-1, max-image-preview:large, max-video-preview:-1\" \/>\n<link rel=\"canonical\" href=\"https:\/\/www.lauradauzonne.com\/es\/portfolio\/\" \/>\n<meta property=\"og:locale\" content=\"es_ES\" \/>\n<meta property=\"og:type\" content=\"article\" \/>\n<meta property=\"og:title\" content=\"Portfolio - Laura Dauzonne - Coach Vocal Triling\u00fce\" \/>\n<meta property=\"og:description\" content=\"Con m\u00e1s de 10 a\u00f1os de experiencia en el escenario, Laura Dauzonne aporta su experiencia y ense\u00f1anza para ayudar a profesionales y aficionados a liberar su potencial vocal y fortalecer su liderazgo.\" \/>\n<meta property=\"og:url\" content=\"https:\/\/www.lauradauzonne.com\/es\/portfolio\/\" \/>\n<meta property=\"og:site_name\" content=\"Laura Dauzonne - Coach Vocal\" \/>\n<meta property=\"article:publisher\" content=\"https:\/\/www.facebook.com\/laura.dauzonne75\" \/>\n<meta property=\"article:modified_time\" content=\"2025-10-22T11:16:01+00:00\" \/>\n<meta property=\"og:image\" content=\"https:\/\/www.lauradauzonne.com\/wp-content\/uploads\/2025\/10\/IMG_7775-1-1024x1024.jpg\" \/>\n<meta name=\"twitter:card\" content=\"summary_large_image\" \/>\n<meta name=\"twitter:label1\" content=\"Tiempo de lectura\" \/>\n\t<meta name=\"twitter:data1\" content=\"1 minuto\" \/>\n<script type=\"application\/ld+json\" class=\"yoast-schema-graph\">{\"@context\":\"https:\/\/schema.org\",\"@graph\":[{\"@type\":\"WebPage\",\"@id\":\"https:\/\/www.lauradauzonne.com\/es\/portfolio\/\",\"url\":\"https:\/\/www.lauradauzonne.com\/es\/portfolio\/\",\"name\":\"Portfolio - Laura Dauzonne - Coach Vocal Triling\u00fce\",\"isPartOf\":{\"@id\":\"https:\/\/www.lauradauzonne.com\/es\/#website\"},\"primaryImageOfPage\":{\"@id\":\"https:\/\/www.lauradauzonne.com\/es\/portfolio\/#primaryimage\"},\"image\":{\"@id\":\"https:\/\/www.lauradauzonne.com\/es\/portfolio\/#primaryimage\"},\"thumbnailUrl\":\"https:\/\/www.lauradauzonne.com\/wp-content\/uploads\/2025\/10\/IMG_7775-1-1024x1024.jpg\",\"datePublished\":\"2025-10-04T22:07:44+00:00\",\"dateModified\":\"2025-10-22T11:16:01+00:00\",\"description\":\"Con m\u00e1s de 10 a\u00f1os de experiencia en el escenario, Laura Dauzonne aporta su experiencia y ense\u00f1anza para ayudar a profesionales y aficionados a liberar su potencial vocal y fortalecer su liderazgo.\",\"breadcrumb\":{\"@id\":\"https:\/\/www.lauradauzonne.com\/es\/portfolio\/#breadcrumb\"},\"inLanguage\":\"es\",\"potentialAction\":[{\"@type\":\"ReadAction\",\"target\":[\"https:\/\/www.lauradauzonne.com\/es\/portfolio\/\"]}]},{\"@type\":\"ImageObject\",\"inLanguage\":\"es\",\"@id\":\"https:\/\/www.lauradauzonne.com\/es\/portfolio\/#primaryimage\",\"url\":\"https:\/\/www.lauradauzonne.com\/wp-content\/uploads\/2025\/10\/IMG_7775-1-1024x1024.jpg\",\"contentUrl\":\"https:\/\/www.lauradauzonne.com\/wp-content\/uploads\/2025\/10\/IMG_7775-1-1024x1024.jpg\"},{\"@type\":\"BreadcrumbList\",\"@id\":\"https:\/\/www.lauradauzonne.com\/es\/portfolio\/#breadcrumb\",\"itemListElement\":[{\"@type\":\"ListItem\",\"position\":1,\"name\":\"Accueil\",\"item\":\"https:\/\/www.lauradauzonne.com\/es\/\"},{\"@type\":\"ListItem\",\"position\":2,\"name\":\"Portfolio\"}]},{\"@type\":\"WebSite\",\"@id\":\"https:\/\/www.lauradauzonne.com\/es\/#website\",\"url\":\"https:\/\/www.lauradauzonne.com\/es\/\",\"name\":\"Laura Dauzonne - Coach Vocal\",\"description\":\"\",\"publisher\":{\"@id\":\"https:\/\/www.lauradauzonne.com\/es\/#\/schema\/person\/4c192002ea4f53049774c9e0ffe5f659\"},\"potentialAction\":[{\"@type\":\"SearchAction\",\"target\":{\"@type\":\"EntryPoint\",\"urlTemplate\":\"https:\/\/www.lauradauzonne.com\/es\/?s={search_term_string}\"},\"query-input\":{\"@type\":\"PropertyValueSpecification\",\"valueRequired\":true,\"valueName\":\"search_term_string\"}}],\"inLanguage\":\"es\"},{\"@type\":[\"Person\",\"Organization\"],\"@id\":\"https:\/\/www.lauradauzonne.com\/es\/#\/schema\/person\/4c192002ea4f53049774c9e0ffe5f659\",\"name\":\"Laura Dauzonne\",\"image\":{\"@type\":\"ImageObject\",\"inLanguage\":\"es\",\"@id\":\"https:\/\/www.lauradauzonne.com\/es\/#\/schema\/person\/image\/\",\"url\":\"https:\/\/www.lauradauzonne.com\/wp-content\/uploads\/2025\/10\/laura-dauzonne.jpg\",\"contentUrl\":\"https:\/\/www.lauradauzonne.com\/wp-content\/uploads\/2025\/10\/laura-dauzonne.jpg\",\"width\":470,\"height\":650,\"caption\":\"Laura Dauzonne\"},\"logo\":{\"@id\":\"https:\/\/www.lauradauzonne.com\/es\/#\/schema\/person\/image\/\"},\"sameAs\":[\"https:\/\/www.lauradauzonne.com\/\",\"https:\/\/www.facebook.com\/laura.dauzonne75\",\"https:\/\/www.instagram.com\/dauzonne_laura\/\",\"https:\/\/www.linkedin.com\/in\/laura-dauzonne-35b542311\",\"https:\/\/www.youtube.com\/channel\/UCkiNoIKJBhB7uha-S8IxvvA\"]}]}<\/script>\n<!-- \/ Yoast SEO plugin. -->","yoast_head_json":{"title":"Portfolio - Laura Dauzonne - Coach Vocal Triling\u00fce","description":"Con m\u00e1s de 10 a\u00f1os de experiencia en el escenario, Laura Dauzonne aporta su experiencia y ense\u00f1anza para ayudar a profesionales y aficionados a liberar su potencial vocal y fortalecer su liderazgo.","robots":{"index":"index","follow":"follow","max-snippet":"max-snippet:-1","max-image-preview":"max-image-preview:large","max-video-preview":"max-video-preview:-1"},"canonical":"https:\/\/www.lauradauzonne.com\/es\/portfolio\/","og_locale":"es_ES","og_type":"article","og_title":"Portfolio - Laura Dauzonne - Coach Vocal Triling\u00fce","og_description":"Con m\u00e1s de 10 a\u00f1os de experiencia en el escenario, Laura Dauzonne aporta su experiencia y ense\u00f1anza para ayudar a profesionales y aficionados a liberar su potencial vocal y fortalecer su liderazgo.","og_url":"https:\/\/www.lauradauzonne.com\/es\/portfolio\/","og_site_name":"Laura Dauzonne - Coach Vocal","article_publisher":"https:\/\/www.facebook.com\/laura.dauzonne75","article_modified_time":"2025-10-22T11:16:01+00:00","og_image":[{"url":"https:\/\/www.lauradauzonne.com\/wp-content\/uploads\/2025\/10\/IMG_7775-1-1024x1024.jpg","type":"","width":"","height":""}],"twitter_card":"summary_large_image","twitter_misc":{"Tiempo de lectura":"1 minuto"},"schema":{"@context":"https:\/\/schema.org","@graph":[{"@type":"WebPage","@id":"https:\/\/www.lauradauzonne.com\/es\/portfolio\/","url":"https:\/\/www.lauradauzonne.com\/es\/portfolio\/","name":"Portfolio - Laura Dauzonne - Coach Vocal Triling\u00fce","isPartOf":{"@id":"https:\/\/www.lauradauzonne.com\/es\/#website"},"primaryImageOfPage":{"@id":"https:\/\/www.lauradauzonne.com\/es\/portfolio\/#primaryimage"},"image":{"@id":"https:\/\/www.lauradauzonne.com\/es\/portfolio\/#primaryimage"},"thumbnailUrl":"https:\/\/www.lauradauzonne.com\/wp-content\/uploads\/2025\/10\/IMG_7775-1-1024x1024.jpg","datePublished":"2025-10-04T22:07:44+00:00","dateModified":"2025-10-22T11:16:01+00:00","description":"Con m\u00e1s de 10 a\u00f1os de experiencia en el escenario, Laura Dauzonne aporta su experiencia y ense\u00f1anza para ayudar a profesionales y aficionados a liberar su potencial vocal y fortalecer su liderazgo.","breadcrumb":{"@id":"https:\/\/www.lauradauzonne.com\/es\/portfolio\/#breadcrumb"},"inLanguage":"es","potentialAction":[{"@type":"ReadAction","target":["https:\/\/www.lauradauzonne.com\/es\/portfolio\/"]}]},{"@type":"ImageObject","inLanguage":"es","@id":"https:\/\/www.lauradauzonne.com\/es\/portfolio\/#primaryimage","url":"https:\/\/www.lauradauzonne.com\/wp-content\/uploads\/2025\/10\/IMG_7775-1-1024x1024.jpg","contentUrl":"https:\/\/www.lauradauzonne.com\/wp-content\/uploads\/2025\/10\/IMG_7775-1-1024x1024.jpg"},{"@type":"BreadcrumbList","@id":"https:\/\/www.lauradauzonne.com\/es\/portfolio\/#breadcrumb","itemListElement":[{"@type":"ListItem","position":1,"name":"Accueil","item":"https:\/\/www.lauradauzonne.com\/es\/"},{"@type":"ListItem","position":2,"name":"Portfolio"}]},{"@type":"WebSite","@id":"https:\/\/www.lauradauzonne.com\/es\/#website","url":"https:\/\/www.lauradauzonne.com\/es\/","name":"Laura Dauzonne - Coach Vocal","description":"","publisher":{"@id":"https:\/\/www.lauradauzonne.com\/es\/#\/schema\/person\/4c192002ea4f53049774c9e0ffe5f659"},"potentialAction":[{"@type":"SearchAction","target":{"@type":"EntryPoint","urlTemplate":"https:\/\/www.lauradauzonne.com\/es\/?s={search_term_string}"},"query-input":{"@type":"PropertyValueSpecification","valueRequired":true,"valueName":"search_term_string"}}],"inLanguage":"es"},{"@type":["Person","Organization"],"@id":"https:\/\/www.lauradauzonne.com\/es\/#\/schema\/person\/4c192002ea4f53049774c9e0ffe5f659","name":"Laura Dauzonne","image":{"@type":"ImageObject","inLanguage":"es","@id":"https:\/\/www.lauradauzonne.com\/es\/#\/schema\/person\/image\/","url":"https:\/\/www.lauradauzonne.com\/wp-content\/uploads\/2025\/10\/laura-dauzonne.jpg","contentUrl":"https:\/\/www.lauradauzonne.com\/wp-content\/uploads\/2025\/10\/laura-dauzonne.jpg","width":470,"height":650,"caption":"Laura Dauzonne"},"logo":{"@id":"https:\/\/www.lauradauzonne.com\/es\/#\/schema\/person\/image\/"},"sameAs":["https:\/\/www.lauradauzonne.com\/","https:\/\/www.facebook.com\/laura.dauzonne75","https:\/\/www.instagram.com\/dauzonne_laura\/","https:\/\/www.linkedin.com\/in\/laura-dauzonne-35b542311","https:\/\/www.youtube.com\/channel\/UCkiNoIKJBhB7uha-S8IxvvA"]}]}},"_links":{"self":[{"href":"https:\/\/www.lauradauzonne.com\/es\/wp-json\/wp\/v2\/pages\/6649","targetHints":{"allow":["GET"]}}],"collection":[{"href":"https:\/\/www.lauradauzonne.com\/es\/wp-json\/wp\/v2\/pages"}],"about":[{"href":"https:\/\/www.lauradauzonne.com\/es\/wp-json\/wp\/v2\/types\/page"}],"author":[{"embeddable":true,"href":"https:\/\/www.lauradauzonne.com\/es\/wp-json\/wp\/v2\/users\/1"}],"replies":[{"embeddable":true,"href":"https:\/\/www.lauradauzonne.com\/es\/wp-json\/wp\/v2\/comments?post=6649"}],"version-history":[{"count":3,"href":"https:\/\/www.lauradauzonne.com\/es\/wp-json\/wp\/v2\/pages\/6649\/revisions"}],"predecessor-version":[{"id":6653,"href":"https:\/\/www.lauradauzonne.com\/es\/wp-json\/wp\/v2\/pages\/6649\/revisions\/6653"}],"wp:attachment":[{"href":"https:\/\/www.lauradauzonne.com\/es\/wp-json\/wp\/v2\/media?parent=6649"}],"curies":[{"name":"wp","href":"https:\/\/api.w.org\/{rel}","templated":true}]}}